{"id":3467,"date":"2023-08-25T12:37:39","date_gmt":"2023-08-25T10:37:39","guid":{"rendered":"https:\/\/1siteweb.ch\/optiled\/retour-livraisons\/"},"modified":"2023-10-30T11:03:32","modified_gmt":"2023-10-30T10:03:32","slug":"restituzione-e-consegna","status":"publish","type":"page","link":"https:\/\/optiled.shop\/it\/restituzione-e-consegna\/","title":{"rendered":"Restituzione e consegna"},"content":{"rendered":"\t\t<div data-elementor-type=\"wp-page\" data-elementor-id=\"3467\" class=\"elementor elementor-3467 elementor-50\" data-elementor-post-type=\"page\">\n\t\t\t\t\t\t\t\t\t<section class=\"elementor-section elementor-top-section elementor-element elementor-element-68ebfa4 elementor-section-boxed elementor-section-height-default elementor-section-height-default\" data-id=\"68ebfa4\" data-element_type=\"section\">\n\t\t\t\t\t\t<div class=\"elementor-container elementor-column-gap-default\">\n\t\t\t\t\t<div class=\"elementor-column elementor-col-100 elementor-top-column elementor-element elementor-element-304c2a2\" data-id=\"304c2a2\" data-element_type=\"column\">\n\t\t\t<div class=\"elementor-widget-wrap elementor-element-populated\">\n\t\t\t\t\t\t\t\t<div class=\"elementor-element elementor-element-a938ac9 elementor-widget elementor-widget-heading\" data-id=\"a938ac9\" data-element_type=\"widget\" data-widget_type=\"heading.default\">\n\t\t\t\t<div class=\"elementor-widget-container\">\n\t\t\t<style>\/*! elementor - v3.16.0 - 17-10-2023 *\/\n.elementor-heading-title{padding:0;margin:0;line-height:1}.elementor-widget-heading .elementor-heading-title[class*=elementor-size-]>a{color:inherit;font-size:inherit;line-height:inherit}.elementor-widget-heading .elementor-heading-title.elementor-size-small{font-size:15px}.elementor-widget-heading .elementor-heading-title.elementor-size-medium{font-size:19px}.elementor-widget-heading .elementor-heading-title.elementor-size-large{font-size:29px}.elementor-widget-heading .elementor-heading-title.elementor-size-xl{font-size:39px}.elementor-widget-heading .elementor-heading-title.elementor-size-xxl{font-size:59px}<\/style><h1 class=\"elementor-heading-title elementor-size-default\">Restituzione e consegna<\/h1>\t\t<\/div>\n\t\t\t\t<\/div>\n\t\t\t\t<div class=\"elementor-element elementor-element-47ca01e elementor-widget__width-initial elementor-widget elementor-widget-image\" data-id=\"47ca01e\" data-element_type=\"widget\" data-widget_type=\"image.default\">\n\t\t\t\t<div class=\"elementor-widget-container\">\n\t\t\t<style>\/*! elementor - v3.16.0 - 17-10-2023 *\/\n.elementor-widget-image{text-align:center}.elementor-widget-image a{display:inline-block}.elementor-widget-image a img[src$=\".svg\"]{width:48px}.elementor-widget-image img{vertical-align:middle;display:inline-block}<\/style>\t\t\t\t\t\t\t\t\t\t\t\t<img decoding=\"async\" loading=\"lazy\" width=\"2560\" height=\"1707\" src=\"https:\/\/optiled.shop\/wp-content\/uploads\/2023\/09\/20230629-Optiled-ShootingLampeStudio-039-min-scaled.jpg\" class=\"attachment-full size-full wp-image-3171\" alt=\"Retour &amp; livraison Optiled\" srcset=\"https:\/\/optiled.shop\/wp-content\/uploads\/2023\/09\/20230629-Optiled-ShootingLampeStudio-039-min-scaled.jpg 2560w, https:\/\/optiled.shop\/wp-content\/uploads\/2023\/09\/20230629-Optiled-ShootingLampeStudio-039-min-300x200.jpg 300w, https:\/\/optiled.shop\/wp-content\/uploads\/2023\/09\/20230629-Optiled-ShootingLampeStudio-039-min-1024x683.jpg 1024w, https:\/\/optiled.shop\/wp-content\/uploads\/2023\/09\/20230629-Optiled-ShootingLampeStudio-039-min-768x512.jpg 768w, https:\/\/optiled.shop\/wp-content\/uploads\/2023\/09\/20230629-Optiled-ShootingLampeStudio-039-min-1536x1024.jpg 1536w, https:\/\/optiled.shop\/wp-content\/uploads\/2023\/09\/20230629-Optiled-ShootingLampeStudio-039-min-2048x1365.jpg 2048w, https:\/\/optiled.shop\/wp-content\/uploads\/2023\/09\/20230629-Optiled-ShootingLampeStudio-039-min-600x400.jpg 600w\" sizes=\"(max-width: 2560px) 100vw, 2560px\" title=\"\">\t\t\t\t\t\t\t\t\t\t\t\t\t\t\t<\/div>\n\t\t\t\t<\/div>\n\t\t\t\t\t<\/div>\n\t\t<\/div>\n\t\t\t\t\t\t\t<\/div>\n\t\t<\/section>\n\t\t\t\t<section class=\"elementor-section elementor-top-section elementor-element elementor-element-14b769c elementor-section-boxed elementor-section-height-default elementor-section-height-default\" data-id=\"14b769c\" data-element_type=\"section\" data-settings=\"{&quot;background_background&quot;:&quot;classic&quot;}\">\n\t\t\t\t\t\t<div class=\"elementor-container elementor-column-gap-default\">\n\t\t\t\t\t<div class=\"elementor-column elementor-col-100 elementor-top-column elementor-element elementor-element-1033883\" data-id=\"1033883\" data-element_type=\"column\">\n\t\t\t<div class=\"elementor-widget-wrap elementor-element-populated\">\n\t\t\t\t\t\t\t\t<div class=\"elementor-element elementor-element-de8bed2 elementor-widget-tablet__width-initial elementor-widget elementor-widget-text-editor\" data-id=\"de8bed2\" data-element_type=\"widget\" data-widget_type=\"text-editor.default\">\n\t\t\t\t<div class=\"elementor-widget-container\">\n\t\t\t<style>\/*! elementor - v3.16.0 - 17-10-2023 *\/\n.elementor-widget-text-editor.elementor-drop-cap-view-stacked .elementor-drop-cap{background-color:#69727d;color:#fff}.elementor-widget-text-editor.elementor-drop-cap-view-framed .elementor-drop-cap{color:#69727d;border:3px solid;background-color:transparent}.elementor-widget-text-editor:not(.elementor-drop-cap-view-default) .elementor-drop-cap{margin-top:8px}.elementor-widget-text-editor:not(.elementor-drop-cap-view-default) .elementor-drop-cap-letter{width:1em;height:1em}.elementor-widget-text-editor .elementor-drop-cap{float:left;text-align:center;line-height:1;font-size:50px}.elementor-widget-text-editor .elementor-drop-cap-letter{display:inline-block}<\/style>\t\t\t\t<p>Noi di Optiled diamo grande importanza alla soddisfazione del cliente. Ci impegniamo a fornire un servizio di consegna affidabile e soluzioni di reso convenienti per garantire che la vostra esperienza di acquisto sia ottimale. Questa politica di restituzione e consegna \u00e8 stata appositamente studiata per informarvi delle nostre procedure e dei nostri impegni relativi alla consegna delle lampade per orticoltura a LED. Vi preghiamo di leggere attentamente questa politica per comprendere le condizioni e i vostri diritti come clienti.<\/p><h4>1. \u00a0Consegna<\/h4><h5>1.1 Aree di consegna<\/h5><p>Offriamo consegne in tutta Europa. Si prega di notare che possono essere applicate restrizioni alla consegna a seconda delle normative locali. Si prega di verificare attentamente se la propria area \u00e8 inclusa prima di effettuare l&#8217;ordine.<\/p><h5>1.2 Tempi di consegna<\/h5><p>Il nostro obiettivo \u00e8 quello di elaborare e spedire l&#8217;ordine nel pi\u00f9 breve tempo possibile. I tempi di consegna variano a seconda della localit\u00e0 e delle opzioni di spedizione scelte. I tempi di consegna stimati saranno indicati al momento della finalizzazione dell&#8217;ordine. Si prega di notare che questi tempi sono stimati e possono essere influenzati da circostanze al di fuori del nostro controllo, come ritardi nel trasporto o condizioni meteorologiche avverse.<\/p><h5>1.3 Spese di consegna<\/h5><p>La consegna viene effettuata in tutta Europa, il che significa che non si pagano spese di consegna di base. Tuttavia, si prega di notare che i dazi doganali, le tasse e gli altri costi associati all&#8217;importazione dell&#8217;ordine non sono inclusi nell&#8217;offerta.<\/p><h5>1.4 Tracciabilit\u00e0 della consegna<\/h5><p>Una volta spedito l&#8217;ordine, vi forniremo un numero di tracciamento che vi permetter\u00e0 di seguirne lo stato. In questo modo sar\u00e0 possibile seguire lo stato di avanzamento della consegna. In caso di domande sulla consegna, il nostro servizio clienti \u00e8 a disposizione per aiutarvi.<\/p><h4>2.Restituzione<\/h4><h5>2.1 Politica di restituzione<\/h5><p>Siamo consapevoli che potreste cambiare idea sul vostro acquisto. Se, per qualsiasi motivo, desiderate restituire un prodotto, contattateci entro 30 giorni dalla ricezione dell&#8217;ordine. Vi guideremo nella procedura di restituzione.<\/p><h5>2.2 Condizioni di restituzione<\/h5><p>Per poter essere restituiti, i prodotti devono essere nelle loro condizioni originali, non utilizzati e nella loro confezione originale. Si prega di notare che alcuni articoli, come i prodotti personalizzati o gli articoli in saldo, potrebbero non essere idonei alla restituzione. Per maggiori informazioni sui prodotti in questione, vi preghiamo di contattarci.<\/p><h5>2.3 Procedura di restituzione<\/h5><p>Per restituire un prodotto, vi preghiamo di contattarci con le seguenti informazioni: il vostro numero d&#8217;ordine, una descrizione del prodotto che desiderate restituire e il motivo della restituzione. Vi forniremo istruzioni dettagliate per la restituzione.<\/p><h5>2.4 Rimborsi<\/h5><p>Una volta ricevuto e ispezionato il prodotto restituito, emetteremo un rimborso in conformit\u00e0 con la nostra politica di rimborso. Si prega di notare che le spese di spedizione iniziali non sono generalmente rimborsabili, tranne in caso di errore da parte nostra.<\/p><h4>3. Servizio clienti<\/h4><p>Siamo consapevoli che possono sorgere domande o dubbi in merito alla consegna o alla restituzione. Il nostro servizio clienti \u00e8 a disposizione per aiutarvi in qualsiasi momento. Non esitate a contattarci per telefono, e-mail o live chat per ricevere assistenza personalizzata. Il nostro obiettivo \u00e8 quello di rispondere alle vostre domande nel pi\u00f9 breve tempo possibile e di risolvere qualsiasi problema.<\/p><h4>4. Responsabilit\u00e0 del cliente<\/h4><p>Vi ricordiamo che siete responsabili di fornire informazioni accurate sulla consegna al momento dell&#8217;ordine. Vi preghiamo di verificare attentamente l&#8217;accuratezza dell&#8217;indirizzo di consegna, dei dati di contatto e degli altri dettagli necessari. Optiled non pu\u00f2 essere ritenuta responsabile per ritardi o errori di consegna causati da informazioni errate o incomplete fornite dal cliente.<\/p><h4>5. Modifiche alla politica di restituzione e consegna<\/h4><p>Ci riserviamo il diritto di modificare la presente politica di restituzione e consegna in qualsiasi momento. Eventuali modifiche saranno pubblicate sul nostro sito web e avranno effetto immediato. \u00c8 vostra responsabilit\u00e0 controllare regolarmente questa politica per verificare eventuali modifiche.<\/p><p>Noi di Optiled ci impegniamo a fornirvi un&#8217;esperienza di acquisto piacevole e senza problemi. La nostra politica di restituzione e consegna \u00e8 stata concepita per garantire la vostra soddisfazione come clienti. Se avete ulteriori domande o necessitate di ulteriore assistenza, non esitate a contattarci. Siamo qui per aiutarvi in ogni momento.<\/p><p>Grazie per la vostra fiducia in Optiled.<\/p>\t\t\t\t\t\t<\/div>\n\t\t\t\t<\/div>\n\t\t\t\t\t<\/div>\n\t\t<\/div>\n\t\t\t\t\t\t\t<\/div>\n\t\t<\/section>\n\t\t\t\t\t\t\t<\/div>\n\t\t","protected":false},"excerpt":{"rendered":"<p>Restituzione e consegna Noi di Optiled diamo grande importanza alla soddisfazione del cliente. Ci impegniamo a fornire un servizio di consegna affidabile e soluzioni di reso convenienti per garantire che la vostra esperienza di acquisto sia ottimale. Questa politica di restituzione e consegna \u00e8 stata appositamente studiata per informarvi delle nostre procedure e dei nostri [&hellip;]<\/p>\n","protected":false},"author":1,"featured_media":0,"parent":0,"menu_order":0,"comment_status":"closed","ping_status":"closed","template":"elementor_header_footer","meta":{"footnotes":""},"_links":{"self":[{"href":"https:\/\/optiled.shop\/it\/wp-json\/wp\/v2\/pages\/3467"}],"collection":[{"href":"https:\/\/optiled.shop\/it\/wp-json\/wp\/v2\/pages"}],"about":[{"href":"https:\/\/optiled.shop\/it\/wp-json\/wp\/v2\/types\/page"}],"author":[{"embeddable":true,"href":"https:\/\/optiled.shop\/it\/wp-json\/wp\/v2\/users\/1"}],"replies":[{"embeddable":true,"href":"https:\/\/optiled.shop\/it\/wp-json\/wp\/v2\/comments?post=3467"}],"version-history":[{"count":27,"href":"https:\/\/optiled.shop\/it\/wp-json\/wp\/v2\/pages\/3467\/revisions"}],"predecessor-version":[{"id":5887,"href":"https:\/\/optiled.shop\/it\/wp-json\/wp\/v2\/pages\/3467\/revisions\/5887"}],"wp:attachment":[{"href":"https:\/\/optiled.shop\/it\/wp-json\/wp\/v2\/media?parent=3467"}],"curies":[{"name":"wp","href":"https:\/\/api.w.org\/{rel}","templated":true}]}}