{"id":2491,"date":"2023-08-25T12:37:45","date_gmt":"2023-08-25T10:37:45","guid":{"rendered":"https:\/\/1siteweb.ch\/optiled\/il-mio-account\/"},"modified":"2024-01-30T15:08:36","modified_gmt":"2024-01-30T14:08:36","slug":"il-mio-account","status":"publish","type":"page","link":"https:\/\/optiled.shop\/it\/il-mio-account\/","title":{"rendered":"Il mio account"},"content":{"rendered":"\t\t<div data-elementor-type=\"wp-page\" data-elementor-id=\"2491\" class=\"elementor elementor-2491 elementor-84\" data-elementor-post-type=\"page\">\n\t\t\t\t\t\t\t\t\t<section class=\"elementor-section elementor-top-section elementor-element elementor-element-22076312 elementor-section-boxed elementor-section-height-default elementor-section-height-default\" data-id=\"22076312\" data-element_type=\"section\" data-settings=\"{&quot;background_background&quot;:&quot;gradient&quot;}\">\n\t\t\t\t\t\t<div class=\"elementor-container elementor-column-gap-default\">\n\t\t\t\t\t<div class=\"elementor-column elementor-col-100 elementor-top-column elementor-element elementor-element-67463672\" data-id=\"67463672\" data-element_type=\"column\">\n\t\t\t<div class=\"elementor-widget-wrap elementor-element-populated\">\n\t\t\t\t\t\t\t\t<div class=\"elementor-element elementor-element-89b04b0 e-my-account-tabs-vertical elementor-widget elementor-widget-woocommerce-my-account\" data-id=\"89b04b0\" data-element_type=\"widget\" data-settings=\"{&quot;customize_dashboard_check&quot;:&quot;yes&quot;}\" data-widget_type=\"woocommerce-my-account.default\">\n\t\t\t\t<div class=\"elementor-widget-container\">\n\t\t\t<link rel=\"stylesheet\" href=\"https:\/\/optiled.shop\/wp-content\/plugins\/elementor-pro\/assets\/css\/widget-woocommerce.min.css\"><div class=\"e-my-account-tab e-my-account-tab__ \">\t\t\t<span class=\"elementor-hidden\">[woocommerce_my_account]<\/span>\n\t\t\t<div class=\"woocommerce\"><\/div>\t\t<\/div>\n\t\t\t\t<\/div>\n\t\t\t\t<\/div>\n\t\t\t\t\t<\/div>\n\t\t<\/div>\n\t\t\t\t\t\t\t<\/div>\n\t\t<\/section>\n\t\t\t\t\t\t\t<\/div>\n\t\t","protected":false},"excerpt":{"rendered":"<p>Pannello di controllo Ordini Download Indirizzo Moyens de paiement Dettagli account Disconnetti Bonjour admin-dev (vous n\u2019\u00eates pas admin-dev\u00a0? D\u00e9connexion) \u00c0 partir du tableau de bord de votre compte, vous pouvez visualiser vos commandes r\u00e9centes, g\u00e9rer vos adresses de livraison et de facturation ainsi que changer votre mot de passe et les d\u00e9tails de votre compte.<\/p>\n","protected":false},"author":1,"featured_media":0,"parent":0,"menu_order":0,"comment_status":"closed","ping_status":"closed","template":"","meta":{"footnotes":""},"_links":{"self":[{"href":"https:\/\/optiled.shop\/it\/wp-json\/wp\/v2\/pages\/2491"}],"collection":[{"href":"https:\/\/optiled.shop\/it\/wp-json\/wp\/v2\/pages"}],"about":[{"href":"https:\/\/optiled.shop\/it\/wp-json\/wp\/v2\/types\/page"}],"author":[{"embeddable":true,"href":"https:\/\/optiled.shop\/it\/wp-json\/wp\/v2\/users\/1"}],"replies":[{"embeddable":true,"href":"https:\/\/optiled.shop\/it\/wp-json\/wp\/v2\/comments?post=2491"}],"version-history":[{"count":16,"href":"https:\/\/optiled.shop\/it\/wp-json\/wp\/v2\/pages\/2491\/revisions"}],"predecessor-version":[{"id":6352,"href":"https:\/\/optiled.shop\/it\/wp-json\/wp\/v2\/pages\/2491\/revisions\/6352"}],"wp:attachment":[{"href":"https:\/\/optiled.shop\/it\/wp-json\/wp\/v2\/media?parent=2491"}],"curies":[{"name":"wp","href":"https:\/\/api.w.org\/{rel}","templated":true}]}}