{"id":3492,"date":"2023-08-25T12:37:48","date_gmt":"2023-08-25T10:37:48","guid":{"rendered":"https:\/\/1siteweb.ch\/optiled\/produit\/optiled-720-elite-uv\/"},"modified":"2025-07-29T17:55:00","modified_gmt":"2025-07-29T15:55:00","slug":"optiled-720-elite-uv","status":"publish","type":"product","link":"https:\/\/optiled.shop\/es\/producto\/optiled-720-elite-uv\/","title":{"rendered":"Optiled 720 \u00c9lite UV+"},"content":{"rendered":"<p>Esta luz LED hort\u00edcola <strong>plegable, f\u00e1cil de instalar<\/strong> y de \u00faltima generaci\u00f3n revolucionar\u00e1 su experiencia de cultivo. Con <strong>dos innovadoras barras UV<\/strong>, lleva el sabor, el olor y la calidad de sus cultivos al siguiente nivel. Su <strong>espectro de luz completo<\/strong> la hace perfecta para todas las fases del cultivo, mientras que su <strong>regulador de 0-100%<\/strong> le proporciona un control total. Con una superficie de 120&#215;120 cm a 160&#215;160 cm, se adapta a sus necesidades. Adem\u00e1s, gracias a su <strong>conectividad RJ14<\/strong>, puede conectar hasta 100 luces a trav\u00e9s de un controlador, para una gesti\u00f3n centralizada y unos resultados de cultivo inigualables.<\/p>\n<p>(Lleve gafas si permanece mucho tiempo debajo).<\/p>\n<p>&nbsp;<\/p>\n","protected":false},"excerpt":{"rendered":"<p>Controla todos los aspectos de tu cultivo de interior con nuestra luz. Con LED de \u00faltima generaci\u00f3n y dos innovadoras barras UV, ofrece un espectro completo, regulabilidad y una gran cobertura, todo ello f\u00e1cilmente controlable. Apueste por la calidad de la iluminaci\u00f3n hort\u00edcola.<\/p>\n<p>Entrega gratuita en toda Europa en un plazo de 10 a 14 d\u00edas.<\/p>\n","protected":false},"featured_media":4358,"comment_status":"open","ping_status":"closed","template":"","meta":[],"product_cat":[51],"product_tag":[],"_links":{"self":[{"href":"https:\/\/optiled.shop\/es\/wp-json\/wp\/v2\/product\/3492"}],"collection":[{"href":"https:\/\/optiled.shop\/es\/wp-json\/wp\/v2\/product"}],"about":[{"href":"https:\/\/optiled.shop\/es\/wp-json\/wp\/v2\/types\/product"}],"replies":[{"embeddable":true,"href":"https:\/\/optiled.shop\/es\/wp-json\/wp\/v2\/comments?post=3492"}],"wp:featuredmedia":[{"embeddable":true,"href":"https:\/\/optiled.shop\/es\/wp-json\/wp\/v2\/media\/4358"}],"wp:attachment":[{"href":"https:\/\/optiled.shop\/es\/wp-json\/wp\/v2\/media?parent=3492"}],"wp:term":[{"taxonomy":"product_cat","embeddable":true,"href":"https:\/\/optiled.shop\/es\/wp-json\/wp\/v2\/product_cat?post=3492"},{"taxonomy":"product_tag","embeddable":true,"href":"https:\/\/optiled.shop\/es\/wp-json\/wp\/v2\/product_tag?post=3492"}],"curies":[{"name":"wp","href":"https:\/\/api.w.org\/{rel}","templated":true}]}}