{"id":3488,"date":"2023-08-25T12:37:48","date_gmt":"2023-08-25T10:37:48","guid":{"rendered":"https:\/\/1siteweb.ch\/optiled\/produit\/optiled-800-elite-uv\/"},"modified":"2025-05-25T09:54:29","modified_gmt":"2025-05-25T07:54:29","slug":"optiled-800-elite-uv","status":"publish","type":"product","link":"https:\/\/optiled.shop\/es\/producto\/optiled-800-elite-uv\/","title":{"rendered":"Optiled 800 \u00c9lite UV+"},"content":{"rendered":"<p>Esta l\u00e1mpara LED para horticultura, <strong>plegable y f\u00e1cil de montar,<\/strong> es la m\u00e1s potente de su categor\u00eda y reinventa su experiencia de cultivo. Gracias a sus<strong> dos innovadoras barras UV<\/strong>, mejora el sabor, el olor y la calidad de sus cultivos. Su <strong>espectro de luz completo<\/strong> la hace ideal para todas las fases del cultivo, mientras que su<strong> regulador ajustable de 0-100%<\/strong> le ofrece un control total. Con una superficie de 120&#215;120 cm a 160&#215;160 cm, se adapta a sus necesidades. Adem\u00e1s, gracias a su <strong>conectividad RJ14<\/strong>, puede conectar hasta 100 luces a trav\u00e9s de un controlador, lo que garantiza una gesti\u00f3n centralizada y unos resultados de cultivo excepcionales. Apueste por una iluminaci\u00f3n hort\u00edcola de calidad.<\/p>\n<p>(Lleve gafas si permanece mucho tiempo debajo)<\/p>\n<p>&nbsp;<\/p>\n","protected":false},"excerpt":{"rendered":"<p>Explora todos los aspectos de tu cultivo de interior con nuestra luz de \u00faltima generaci\u00f3n. Equipada con la \u00faltima generaci\u00f3n de LED y dos innovadoras barras UV, ofrece un espectro completo, regulabilidad y cobertura ampliada, todo ello f\u00e1cil de controlar. Opte por la excelencia en iluminaci\u00f3n hort\u00edcola.<\/p>\n<p>Entrega gratuita en toda Europa en un plazo de 10 a 14 d\u00edas.<\/p>\n","protected":false},"featured_media":4448,"comment_status":"open","ping_status":"closed","template":"","meta":[],"product_cat":[51],"product_tag":[],"_links":{"self":[{"href":"https:\/\/optiled.shop\/es\/wp-json\/wp\/v2\/product\/3488"}],"collection":[{"href":"https:\/\/optiled.shop\/es\/wp-json\/wp\/v2\/product"}],"about":[{"href":"https:\/\/optiled.shop\/es\/wp-json\/wp\/v2\/types\/product"}],"replies":[{"embeddable":true,"href":"https:\/\/optiled.shop\/es\/wp-json\/wp\/v2\/comments?post=3488"}],"wp:featuredmedia":[{"embeddable":true,"href":"https:\/\/optiled.shop\/es\/wp-json\/wp\/v2\/media\/4448"}],"wp:attachment":[{"href":"https:\/\/optiled.shop\/es\/wp-json\/wp\/v2\/media?parent=3488"}],"wp:term":[{"taxonomy":"product_cat","embeddable":true,"href":"https:\/\/optiled.shop\/es\/wp-json\/wp\/v2\/product_cat?post=3488"},{"taxonomy":"product_tag","embeddable":true,"href":"https:\/\/optiled.shop\/es\/wp-json\/wp\/v2\/product_tag?post=3488"}],"curies":[{"name":"wp","href":"https:\/\/api.w.org\/{rel}","templated":true}]}}