{"id":3494,"date":"2023-08-25T12:37:48","date_gmt":"2023-08-25T10:37:48","guid":{"rendered":"https:\/\/1siteweb.ch\/optiled\/produit\/optiled-1000-ultra\/"},"modified":"2025-09-19T15:42:38","modified_gmt":"2025-09-19T13:42:38","slug":"optiled-1000-ultra","status":"publish","type":"product","link":"https:\/\/optiled.shop\/de\/Produkt\/optiled-1000-ultra\/","title":{"rendered":"Optiled 1000 Ultra"},"content":{"rendered":"<p>Unsere <strong>faltbare und einfach zu montierende<\/strong> Leuchte bietet Ihnen ein <strong>vollst\u00e4ndiges Lichtspektrum<\/strong>, das ideal ist, um das Wachstum und die Bl\u00fcte Ihrer Pflanzen in Innenr\u00e4umen zu f\u00f6rdern. Dank <strong>des Dimmers, der von 0 bis 100 %<\/strong> einstellbar ist, haben Sie die volle Kontrolle \u00fcber das Licht und k\u00f6nnen es genau an jede Phase Ihrer Zucht anpassen. Die leistungsst\u00e4rkste Leuchte ihrer Klasse kann eine Fl\u00e4che von 120&#215;120 cm bis 160&#215;160 cm beleuchten und bietet somit eine au\u00dfergew\u00f6hnliche Flexibilit\u00e4t, um Ihren Anbaubed\u00fcrfnissen gerecht zu werden. Dank der<strong> RJ14-Konnektivit\u00e4t<\/strong> k\u00f6nnen Sie bis zu 100 Leuchten mit einem Controller steuern, was eine zentrale Verwaltung f\u00fcr eine bl\u00fchende Kultur erm\u00f6glicht. Entscheiden Sie sich mit unseren hochwertigen LED-Leuchten f\u00fcr eine hervorragende Beleuchtung im Gartenbau!<\/p>\n<p>(Tragen Sie eine Brille, wenn Sie zu lange darunter stehen).<\/p>\n<p>&nbsp;<\/p>\n","protected":false},"excerpt":{"rendered":"<p>Beherrschen Sie jeden Aspekt Ihres Indoor-Anbaus mit unserer Optiled 1000 Ultra, der leistungsst\u00e4rksten Lampe auf dem Markt. Genie\u00dfen Sie das volle Spektrum, den Dimmer und die breite Abdeckung, die alle einfach zu steuern sind. Entscheiden Sie sich f\u00fcr Qualit\u00e4t in der Gartenbaubeleuchtung.<\/p>\n<p>Kostenlose Lieferung in ganz Europa innerhalb von 10 bis 14 Tagen.<\/p>\n","protected":false},"featured_media":4521,"comment_status":"open","ping_status":"closed","template":"","meta":[],"product_cat":[49],"product_tag":[],"_links":{"self":[{"href":"https:\/\/optiled.shop\/de\/wp-json\/wp\/v2\/product\/3494"}],"collection":[{"href":"https:\/\/optiled.shop\/de\/wp-json\/wp\/v2\/product"}],"about":[{"href":"https:\/\/optiled.shop\/de\/wp-json\/wp\/v2\/types\/product"}],"replies":[{"embeddable":true,"href":"https:\/\/optiled.shop\/de\/wp-json\/wp\/v2\/comments?post=3494"}],"wp:featuredmedia":[{"embeddable":true,"href":"https:\/\/optiled.shop\/de\/wp-json\/wp\/v2\/media\/4521"}],"wp:attachment":[{"href":"https:\/\/optiled.shop\/de\/wp-json\/wp\/v2\/media?parent=3494"}],"wp:term":[{"taxonomy":"product_cat","embeddable":true,"href":"https:\/\/optiled.shop\/de\/wp-json\/wp\/v2\/product_cat?post=3494"},{"taxonomy":"product_tag","embeddable":true,"href":"https:\/\/optiled.shop\/de\/wp-json\/wp\/v2\/product_tag?post=3494"}],"curies":[{"name":"wp","href":"https:\/\/api.w.org\/{rel}","templated":true}]}}