{"id":3486,"date":"2023-08-25T12:37:48","date_gmt":"2023-08-25T10:37:48","guid":{"rendered":"https:\/\/1siteweb.ch\/optiled\/produit\/optiled-800-elite-uv\/"},"modified":"2025-05-25T09:54:29","modified_gmt":"2025-05-25T07:54:29","slug":"optiled-800-elite-uv","status":"publish","type":"product","link":"https:\/\/optiled.shop\/de\/Produkt\/optiled-800-elite-uv\/","title":{"rendered":"Optiled 800 \u00c9lite UV+"},"content":{"rendered":"<p>Diese<strong> faltbare und einfach zu montierende<\/strong> LED-Leuchte f\u00fcr den Gartenbau ist die leistungsst\u00e4rkste ihrer Art. Mit ihren <strong>zwei innovativen UV-Strahlern<\/strong> verbessert sie den Geschmack, den Geruch und die Qualit\u00e4t Ihrer Ernte. Dank ihres <strong>vollen Lichtspektrums<\/strong> ist sie ideal f\u00fcr alle Wachstumsphasen geeignet, und mit dem<strong> von 0 bis 100 % einstellbaren Leistungsregler<\/strong> haben Sie die volle Kontrolle. Da sie eine Fl\u00e4che von 120&#215;120 cm bis 160&#215;160 cm abdeckt, passt sie sich Ihren Bed\u00fcrfnissen an. Dar\u00fcber hinaus k\u00f6nnen Sie dank der <strong>RJ14-Verbindung<\/strong> bis zu 100 Lampen an einen Controller anschlie\u00dfen, was eine zentrale Verwaltung und hervorragende Wachstumsergebnisse gew\u00e4hrleistet. Entscheiden Sie sich f\u00fcr die beste Beleuchtungsqualit\u00e4t im Gartenbau<\/p>\n<p>(Tragen Sie eine Schutzbrille, wenn Sie zu lange unter dem Licht stehen).<\/p>\n","protected":false},"excerpt":{"rendered":"<p>Erforsche alle Aspekte deines Indoor-Growings mit unserem fortschrittlichen Licht. Ausgestattet mit LEDs der neuesten Generation und zwei innovativen UV-Strahlern bietet sie ein vollst\u00e4ndiges Spektrum, einen Dimmer und eine breite Abdeckung &#8211; und das alles bei einfacher Steuerung. Entscheiden Sie sich f\u00fcr die beste Beleuchtung im Gartenbau.<\/p>\n<p>Kostenlose Lieferung in ganz Europa innerhalb von 10 bis 14 Tagen.<\/p>\n","protected":false},"featured_media":4446,"comment_status":"open","ping_status":"closed","template":"","meta":[],"product_cat":[49],"product_tag":[],"_links":{"self":[{"href":"https:\/\/optiled.shop\/de\/wp-json\/wp\/v2\/product\/3486"}],"collection":[{"href":"https:\/\/optiled.shop\/de\/wp-json\/wp\/v2\/product"}],"about":[{"href":"https:\/\/optiled.shop\/de\/wp-json\/wp\/v2\/types\/product"}],"replies":[{"embeddable":true,"href":"https:\/\/optiled.shop\/de\/wp-json\/wp\/v2\/comments?post=3486"}],"wp:featuredmedia":[{"embeddable":true,"href":"https:\/\/optiled.shop\/de\/wp-json\/wp\/v2\/media\/4446"}],"wp:attachment":[{"href":"https:\/\/optiled.shop\/de\/wp-json\/wp\/v2\/media?parent=3486"}],"wp:term":[{"taxonomy":"product_cat","embeddable":true,"href":"https:\/\/optiled.shop\/de\/wp-json\/wp\/v2\/product_cat?post=3486"},{"taxonomy":"product_tag","embeddable":true,"href":"https:\/\/optiled.shop\/de\/wp-json\/wp\/v2\/product_tag?post=3486"}],"curies":[{"name":"wp","href":"https:\/\/api.w.org\/{rel}","templated":true}]}}