{"id":3478,"date":"2023-08-25T12:37:49","date_gmt":"2023-08-25T10:37:49","guid":{"rendered":"https:\/\/1siteweb.ch\/optiled\/produit\/optiled-720-pro\/"},"modified":"2025-09-19T19:09:18","modified_gmt":"2025-09-19T17:09:18","slug":"optiled-720-pro","status":"publish","type":"product","link":"https:\/\/optiled.shop\/de\/Produkt\/optiled-720-pro\/","title":{"rendered":"Optiled 720 Pro"},"content":{"rendered":"<p>Unsere <strong>faltbare und einfach zu montierende<\/strong> Leuchte bietet ein <strong>vollst\u00e4ndiges Lichtspektrum<\/strong>, das perfekt f\u00fcr das Wachstum und die Bl\u00fcte Ihrer Pflanzen in Innenr\u00e4umen geeignet ist. Sie haben die <strong>volle Kontrolle dank des Dimmers<\/strong>, <strong>der von 0 bis 100 %<\/strong> einstellbar ist und eine pr\u00e4zise Anpassung an jede Phase Ihrer Zucht erm\u00f6glicht. Dieses Licht kann eine Fl\u00e4che von 120&#215;120 cm bis 160&#215;160 cm abdecken und bietet somit eine au\u00dfergew\u00f6hnliche Flexibilit\u00e4t f\u00fcr Ihre Anbaubed\u00fcrfnisse. Dar\u00fcber hinaus k\u00f6nnen Sie dank der<strong> RJ14-Anschlussm\u00f6glichkeit<\/strong> bis zu 100 Leuchten mit einem Controller steuern, was Ihnen eine zentrale Verwaltung Ihrer bl\u00fchenden Kulturen erm\u00f6glicht. Entscheiden Sie sich mit unseren hochwertigen LED-Leuchten f\u00fcr eine hervorragende Beleuchtung im Gartenbau!<\/p>\n<p>(Tragen Sie eine Brille, wenn Sie zu lange unter dem Licht stehen).<\/p>\n","protected":false},"excerpt":{"rendered":"<p>Kontrollieren Sie jeden Aspekt Ihrer Indoor-Zucht mit unseren LED-Leuchten f\u00fcr den Gartenbau. Volles Spektrum, Dimmer und gro\u00dfe Abdeckung, alles einfach zu steuern. Entscheiden Sie sich f\u00fcr Qualit\u00e4t in der Gartenbaubeleuchtung.<\/p>\n<p>Kostenlose Lieferung in ganz Europa innerhalb von 10 bis 14 Tagen.<\/p>\n","protected":false},"featured_media":4401,"comment_status":"open","ping_status":"closed","template":"","meta":[],"product_cat":[49],"product_tag":[],"_links":{"self":[{"href":"https:\/\/optiled.shop\/de\/wp-json\/wp\/v2\/product\/3478"}],"collection":[{"href":"https:\/\/optiled.shop\/de\/wp-json\/wp\/v2\/product"}],"about":[{"href":"https:\/\/optiled.shop\/de\/wp-json\/wp\/v2\/types\/product"}],"replies":[{"embeddable":true,"href":"https:\/\/optiled.shop\/de\/wp-json\/wp\/v2\/comments?post=3478"}],"wp:featuredmedia":[{"embeddable":true,"href":"https:\/\/optiled.shop\/de\/wp-json\/wp\/v2\/media\/4401"}],"wp:attachment":[{"href":"https:\/\/optiled.shop\/de\/wp-json\/wp\/v2\/media?parent=3478"}],"wp:term":[{"taxonomy":"product_cat","embeddable":true,"href":"https:\/\/optiled.shop\/de\/wp-json\/wp\/v2\/product_cat?post=3478"},{"taxonomy":"product_tag","embeddable":true,"href":"https:\/\/optiled.shop\/de\/wp-json\/wp\/v2\/product_tag?post=3478"}],"curies":[{"name":"wp","href":"https:\/\/api.w.org\/{rel}","templated":true}]}}