{"id":3466,"date":"2023-08-25T12:37:39","date_gmt":"2023-08-25T10:37:39","guid":{"rendered":"https:\/\/1siteweb.ch\/optiled\/retour-livraisons\/"},"modified":"2023-10-30T11:01:16","modified_gmt":"2023-10-30T10:01:16","slug":"rueckgabe-lieferung","status":"publish","type":"page","link":"https:\/\/optiled.shop\/de\/rueckgabe-lieferung\/","title":{"rendered":"R\u00fcckgabe &#038; Lieferung"},"content":{"rendered":"\t\t<div data-elementor-type=\"wp-page\" data-elementor-id=\"3466\" class=\"elementor elementor-3466 elementor-50\" data-elementor-post-type=\"page\">\n\t\t\t\t\t\t\t\t\t<section class=\"elementor-section elementor-top-section elementor-element elementor-element-68ebfa4 elementor-section-boxed elementor-section-height-default elementor-section-height-default\" data-id=\"68ebfa4\" data-element_type=\"section\">\n\t\t\t\t\t\t<div class=\"elementor-container elementor-column-gap-default\">\n\t\t\t\t\t<div class=\"elementor-column elementor-col-100 elementor-top-column elementor-element elementor-element-304c2a2\" data-id=\"304c2a2\" data-element_type=\"column\">\n\t\t\t<div class=\"elementor-widget-wrap elementor-element-populated\">\n\t\t\t\t\t\t\t\t<div class=\"elementor-element elementor-element-a938ac9 elementor-widget elementor-widget-heading\" data-id=\"a938ac9\" data-element_type=\"widget\" data-widget_type=\"heading.default\">\n\t\t\t\t<div class=\"elementor-widget-container\">\n\t\t\t<style>\/*! elementor - v3.16.0 - 17-10-2023 *\/\n.elementor-heading-title{padding:0;margin:0;line-height:1}.elementor-widget-heading .elementor-heading-title[class*=elementor-size-]>a{color:inherit;font-size:inherit;line-height:inherit}.elementor-widget-heading .elementor-heading-title.elementor-size-small{font-size:15px}.elementor-widget-heading .elementor-heading-title.elementor-size-medium{font-size:19px}.elementor-widget-heading .elementor-heading-title.elementor-size-large{font-size:29px}.elementor-widget-heading .elementor-heading-title.elementor-size-xl{font-size:39px}.elementor-widget-heading .elementor-heading-title.elementor-size-xxl{font-size:59px}<\/style><h1 class=\"elementor-heading-title elementor-size-default\">R\u00fccksendung und Lieferung <\/h1>\t\t<\/div>\n\t\t\t\t<\/div>\n\t\t\t\t<div class=\"elementor-element elementor-element-47ca01e elementor-widget__width-initial elementor-widget elementor-widget-image\" data-id=\"47ca01e\" data-element_type=\"widget\" data-widget_type=\"image.default\">\n\t\t\t\t<div class=\"elementor-widget-container\">\n\t\t\t<style>\/*! elementor - v3.16.0 - 17-10-2023 *\/\n.elementor-widget-image{text-align:center}.elementor-widget-image a{display:inline-block}.elementor-widget-image a img[src$=\".svg\"]{width:48px}.elementor-widget-image img{vertical-align:middle;display:inline-block}<\/style>\t\t\t\t\t\t\t\t\t\t\t\t<img decoding=\"async\" loading=\"lazy\" width=\"2560\" height=\"1707\" src=\"https:\/\/optiled.shop\/wp-content\/uploads\/2023\/09\/20230629-Optiled-ShootingLampeStudio-039-min-scaled.jpg\" class=\"attachment-full size-full wp-image-3171\" alt=\"Retour &amp; livraison Optiled\" srcset=\"https:\/\/optiled.shop\/wp-content\/uploads\/2023\/09\/20230629-Optiled-ShootingLampeStudio-039-min-scaled.jpg 2560w, https:\/\/optiled.shop\/wp-content\/uploads\/2023\/09\/20230629-Optiled-ShootingLampeStudio-039-min-300x200.jpg 300w, https:\/\/optiled.shop\/wp-content\/uploads\/2023\/09\/20230629-Optiled-ShootingLampeStudio-039-min-1024x683.jpg 1024w, https:\/\/optiled.shop\/wp-content\/uploads\/2023\/09\/20230629-Optiled-ShootingLampeStudio-039-min-768x512.jpg 768w, https:\/\/optiled.shop\/wp-content\/uploads\/2023\/09\/20230629-Optiled-ShootingLampeStudio-039-min-1536x1024.jpg 1536w, https:\/\/optiled.shop\/wp-content\/uploads\/2023\/09\/20230629-Optiled-ShootingLampeStudio-039-min-2048x1365.jpg 2048w, https:\/\/optiled.shop\/wp-content\/uploads\/2023\/09\/20230629-Optiled-ShootingLampeStudio-039-min-600x400.jpg 600w\" sizes=\"(max-width: 2560px) 100vw, 2560px\" title=\"\">\t\t\t\t\t\t\t\t\t\t\t\t\t\t\t<\/div>\n\t\t\t\t<\/div>\n\t\t\t\t\t<\/div>\n\t\t<\/div>\n\t\t\t\t\t\t\t<\/div>\n\t\t<\/section>\n\t\t\t\t<section class=\"elementor-section elementor-top-section elementor-element elementor-element-14b769c elementor-section-boxed elementor-section-height-default elementor-section-height-default\" data-id=\"14b769c\" data-element_type=\"section\" data-settings=\"{&quot;background_background&quot;:&quot;classic&quot;}\">\n\t\t\t\t\t\t<div class=\"elementor-container elementor-column-gap-default\">\n\t\t\t\t\t<div class=\"elementor-column elementor-col-100 elementor-top-column elementor-element elementor-element-1033883\" data-id=\"1033883\" data-element_type=\"column\">\n\t\t\t<div class=\"elementor-widget-wrap elementor-element-populated\">\n\t\t\t\t\t\t\t\t<div class=\"elementor-element elementor-element-de8bed2 elementor-widget-tablet__width-initial elementor-widget elementor-widget-text-editor\" data-id=\"de8bed2\" data-element_type=\"widget\" data-widget_type=\"text-editor.default\">\n\t\t\t\t<div class=\"elementor-widget-container\">\n\t\t\t<style>\/*! elementor - v3.16.0 - 17-10-2023 *\/\n.elementor-widget-text-editor.elementor-drop-cap-view-stacked .elementor-drop-cap{background-color:#69727d;color:#fff}.elementor-widget-text-editor.elementor-drop-cap-view-framed .elementor-drop-cap{color:#69727d;border:3px solid;background-color:transparent}.elementor-widget-text-editor:not(.elementor-drop-cap-view-default) .elementor-drop-cap{margin-top:8px}.elementor-widget-text-editor:not(.elementor-drop-cap-view-default) .elementor-drop-cap-letter{width:1em;height:1em}.elementor-widget-text-editor .elementor-drop-cap{float:left;text-align:center;line-height:1;font-size:50px}.elementor-widget-text-editor .elementor-drop-cap-letter{display:inline-block}<\/style>\t\t\t\t<p>Bei Optiled legen wir gro\u00dfen Wert auf die Zufriedenheit unserer Kunden. Wir sind bestrebt, einen zuverl\u00e4ssigen Lieferservice und bequeme R\u00fcckgabem\u00f6glichkeiten anzubieten, um Ihnen ein optimales Einkaufserlebnis zu erm\u00f6glichen. Diese Liefer- und R\u00fcckgaberichtlinie wurde speziell entwickelt, um Sie \u00fcber unsere Verfahren und Verpflichtungen bei der Lieferung von LED-Leuchten f\u00fcr den Gartenbau zu informieren. Bitte lesen Sie diese Richtlinie sorgf\u00e4ltig durch, um die Bedingungen und Ihre Rechte als Kunde zu verstehen.<\/p><h4>1. Lieferung<\/h4><h5>1.1 Liefergebiete<\/h5><p>Wir liefern in ganz Europa. Bitte beachten Sie, dass je nach \u00f6rtlicher Gesetzgebung Lieferbeschr\u00e4nkungen gelten k\u00f6nnen. Bitte pr\u00fcfen Sie sorgf\u00e4ltig, ob Ihre Region eingeschlossen ist, bevor Sie Ihre Bestellung aufgeben.<\/p><h5>1.2 Lieferzeiten<\/h5><p>Wir bem\u00fchen uns, Ihre Bestellung so schnell wie m\u00f6glich zu bearbeiten und zu versenden. Die Lieferzeiten h\u00e4ngen von Ihrem Standort und den von Ihnen gew\u00e4hlten Versandoptionen ab. Die voraussichtlichen Lieferzeiten werden bei Abschluss Ihrer Bestellung angezeigt. Bitte beachten Sie, dass es sich hierbei um gesch\u00e4tzte Lieferzeiten handelt, die durch Umst\u00e4nde au\u00dferhalb unseres Einflussbereichs, wie z. B. Transportverz\u00f6gerungen oder ung\u00fcnstige Wetterbedingungen, beeinflusst werden k\u00f6nnen.<\/p><h5>1.3 Versandkosten<\/h5><p>Die Lieferung erfolgt europaweit, d.h. es fallen keine Versandkosten an. Bitte beachten Sie jedoch, dass Zollgeb\u00fchren, Steuern und andere Kosten, die bei der Einfuhr Ihrer Bestellung anfallen, nicht in diesem Angebot enthalten sind.<\/p><h5>1.4 Verfolgung der Lieferung<\/h5><p>Sobald Ihre Bestellung versandt wurde, erhalten Sie von uns eine Tracking-Nummer, mit der Sie den Status Ihrer Bestellung verfolgen k\u00f6nnen. Auf diese Weise k\u00f6nnen Sie sich \u00fcber den Fortschritt Ihrer Lieferung informieren. Sollten Sie Fragen zu Ihrer Lieferung haben, steht Ihnen unser Kundenservice gerne zur Verf\u00fcgung.<\/p><h4>2 R\u00fccksendungen<\/h4><h5>2.1 Richtlinien f\u00fcr R\u00fcckgaben<\/h5><p>Wir verstehen, dass Sie Ihre Meinung \u00fcber einen Kauf \u00e4ndern k\u00f6nnen. Wenn Sie aus irgendeinem Grund ein Produkt zur\u00fcckgeben m\u00f6chten, kontaktieren Sie uns bitte innerhalb von 30 Tagen nach Erhalt Ihrer Bestellung. Wir werden Sie dann durch den R\u00fcckgabeprozess f\u00fchren.<\/p><h5>2.2 R\u00fcckgabebedingungen<\/h5><p>Um f\u00fcr eine R\u00fcckgabe in Frage zu kommen, m\u00fcssen die Produkte in ihrem Originalzustand, unbenutzt und in ihrer Originalverpackung sein. Bitte beachten Sie, dass einige Artikel, wie z.B. personalisierte Produkte oder Artikel, die sich im Endverkauf befinden, m\u00f6glicherweise nicht f\u00fcr eine R\u00fcckgabe geeignet sind. Bitte kontaktieren Sie uns f\u00fcr weitere Informationen zu diesen Produkten.<\/p><h5>2.3 R\u00fcckgabeverfahren<\/h5><p>Um ein Produkt zur\u00fcckzusenden, kontaktieren Sie uns bitte mit den folgenden Informationen: Ihre Bestellnummer, eine Beschreibung des Produkts, das Sie zur\u00fccksenden m\u00f6chten, und den Grund f\u00fcr die R\u00fccksendung. Sie erhalten dann von uns detaillierte Anweisungen f\u00fcr die R\u00fccksendung.<\/p><h5>2.4 R\u00fcckerstattungen<\/h5><p>Sobald wir das zur\u00fcckgesendete Produkt erhalten und gepr\u00fcft haben, werden wir die R\u00fcckerstattung gem\u00e4\u00df unserer R\u00fcckerstattungsrichtlinie vornehmen. Bitte beachten Sie, dass die urspr\u00fcnglichen Versandkosten in der Regel nicht erstattet werden, es sei denn, es liegt ein Fehler unsererseits vor.<\/p><h4>3. Kundendienst<\/h4><p>Wir verstehen, dass Fragen oder Bedenken bez\u00fcglich der Lieferung oder R\u00fccksendung auftreten k\u00f6nnen. Unser Kundendienstteam steht Ihnen jederzeit zur Verf\u00fcgung. Bitte kontaktieren Sie uns telefonisch, per E-Mail oder \u00fcber unseren Live-Chat, um pers\u00f6nliche Unterst\u00fctzung zu erhalten. Wir bem\u00fchen uns, Ihre Anfragen so schnell wie m\u00f6glich zu beantworten und alle auftretenden Probleme zu l\u00f6sen.<\/p><h4>4. Verantwortung des Kunden<\/h4><p>Wir m\u00f6chten Sie daran erinnern, dass Sie daf\u00fcr verantwortlich sind, bei der Bestellung korrekte Lieferinformationen anzugeben. Bitte \u00fcberpr\u00fcfen Sie sorgf\u00e4ltig die Richtigkeit Ihrer Lieferadresse, Ihrer Kontaktdaten und anderer erforderlicher Angaben. Optiled haftet nicht f\u00fcr Lieferverz\u00f6gerungen oder -fehler, die durch unrichtige oder unvollst\u00e4ndige Angaben des Kunden verursacht werden.<\/p><h4>5.\u00c4nderungen der R\u00fcckgabe- und Lieferbedingungen.<\/h4><p>Wir behalten uns das Recht vor, diese R\u00fcckgabe- und Lieferbedingungen jederzeit zu \u00e4ndern. Alle \u00c4nderungen werden auf unserer Website ver\u00f6ffentlicht und treten mit der Ver\u00f6ffentlichung in Kraft. Es liegt in Ihrer Verantwortung, diese Richtlinie regelm\u00e4\u00dfig zu \u00fcberpr\u00fcfen, um sich \u00fcber etwaige \u00c4nderungen zu informieren.<\/p><p>Wir bei Optiled m\u00f6chten Ihnen ein angenehmes und sorgenfreies Einkaufserlebnis bieten. Unsere R\u00fcckgabe- und Lieferbedingungen sind so gestaltet, dass Sie als Kunde zufrieden sind. Sollten Sie weitere Fragen haben oder zus\u00e4tzliche Hilfe ben\u00f6tigen, z\u00f6gern Sie bitte nicht, uns zu kontaktieren. Wir helfen Ihnen gerne bei jedem Schritt.<\/p><p>Vielen Dank f\u00fcr Ihr Vertrauen in Optiled.<\/p>\t\t\t\t\t\t<\/div>\n\t\t\t\t<\/div>\n\t\t\t\t\t<\/div>\n\t\t<\/div>\n\t\t\t\t\t\t\t<\/div>\n\t\t<\/section>\n\t\t\t\t\t\t\t<\/div>\n\t\t","protected":false},"excerpt":{"rendered":"<p>R\u00fccksendung und Lieferung Bei Optiled legen wir gro\u00dfen Wert auf die Zufriedenheit unserer Kunden. Wir sind bestrebt, einen zuverl\u00e4ssigen Lieferservice und bequeme R\u00fcckgabem\u00f6glichkeiten anzubieten, um Ihnen ein optimales Einkaufserlebnis zu erm\u00f6glichen. Diese Liefer- und R\u00fcckgaberichtlinie wurde speziell entwickelt, um Sie \u00fcber unsere Verfahren und Verpflichtungen bei der Lieferung von LED-Leuchten f\u00fcr den Gartenbau zu informieren. [&hellip;]<\/p>\n","protected":false},"author":1,"featured_media":0,"parent":0,"menu_order":0,"comment_status":"closed","ping_status":"closed","template":"elementor_header_footer","meta":{"footnotes":""},"_links":{"self":[{"href":"https:\/\/optiled.shop\/de\/wp-json\/wp\/v2\/pages\/3466"}],"collection":[{"href":"https:\/\/optiled.shop\/de\/wp-json\/wp\/v2\/pages"}],"about":[{"href":"https:\/\/optiled.shop\/de\/wp-json\/wp\/v2\/types\/page"}],"author":[{"embeddable":true,"href":"https:\/\/optiled.shop\/de\/wp-json\/wp\/v2\/users\/1"}],"replies":[{"embeddable":true,"href":"https:\/\/optiled.shop\/de\/wp-json\/wp\/v2\/comments?post=3466"}],"version-history":[{"count":33,"href":"https:\/\/optiled.shop\/de\/wp-json\/wp\/v2\/pages\/3466\/revisions"}],"predecessor-version":[{"id":5884,"href":"https:\/\/optiled.shop\/de\/wp-json\/wp\/v2\/pages\/3466\/revisions\/5884"}],"wp:attachment":[{"href":"https:\/\/optiled.shop\/de\/wp-json\/wp\/v2\/media?parent=3466"}],"curies":[{"name":"wp","href":"https:\/\/api.w.org\/{rel}","templated":true}]}}